{"id":6408,"date":"2024-02-09T17:01:07","date_gmt":"2024-02-09T22:01:07","guid":{"rendered":"https:\/\/gabypaobarrera.com\/becreative\/?post_type=product&#038;p=6408"},"modified":"2024-02-09T17:28:50","modified_gmt":"2024-02-09T22:28:50","slug":"reto-shame-free","status":"publish","type":"product","link":"https:\/\/gabypaobarrera.com\/becreative\/producto\/reto-shame-free\/","title":{"rendered":"Reto Shame Free"},"content":{"rendered":"","protected":false},"excerpt":{"rendered":"<p>Este reto est\u00e1 compuesto por una serie de ejercicios de entrenamiento en video, feedback personalizado y una Mentor\u00eda EN VIVO para ser tu mismo al grabarte en c\u00e1mara, descubrir tu propio encanto e inspirarte para superar el miedo a decir quien eres en voz alta y especialmente, a compartirlo en en Redes Sociales.<\/p>\n","protected":false},"featured_media":2995,"comment_status":"open","ping_status":"closed","template":"","meta":{"_mo_disable_npp":""},"product_brand":[],"product_cat":[37],"product_tag":[],"class_list":{"0":"post-6408","1":"product","2":"type-product","3":"status-publish","4":"has-post-thumbnail","6":"product_cat-retos","8":"first","9":"instock","10":"virtual","11":"sold-individually","12":"purchasable","13":"product-type-course"},"yoast_head":"<!-- This site is optimized with the Yoast SEO plugin v26.9 - https:\/\/yoast.com\/product\/yoast-seo-wordpress\/ -->\n<title>Reto Shame Free | BeCreative by GabyPao<\/title>\n<meta name=\"robots\" content=\"index, follow, max-snippet:-1, max-image-preview:large, max-video-preview:-1\" \/>\n<link rel=\"canonical\" href=\"https:\/\/gabypaobarrera.com\/becreative\/producto\/reto-shame-free\/\" \/>\n<meta property=\"og:locale\" content=\"es_ES\" \/>\n<meta property=\"og:type\" content=\"article\" \/>\n<meta property=\"og:title\" content=\"Reto Shame Free | BeCreative by GabyPao\" \/>\n<meta property=\"og:description\" content=\"Este reto est\u00e1 compuesto por una serie de ejercicios de entrenamiento en video, feedback personalizado y una Mentor\u00eda EN VIVO para ser tu mismo al grabarte en c\u00e1mara, descubrir tu propio encanto e inspirarte para superar el miedo a decir quien eres en voz alta y especialmente, a compartirlo en en Redes Sociales.\" \/>\n<meta property=\"og:url\" content=\"https:\/\/gabypaobarrera.com\/becreative\/producto\/reto-shame-free\/\" \/>\n<meta property=\"og:site_name\" content=\"BeCreative by GabyPao\" \/>\n<meta property=\"article:modified_time\" content=\"2024-02-09T22:28:50+00:00\" \/>\n<meta property=\"og:image\" content=\"https:\/\/gabypaobarrera.com\/becreative\/wp-content\/uploads\/2021\/07\/shamefree.jpg\" \/>\n\t<meta property=\"og:image:width\" content=\"1920\" \/>\n\t<meta property=\"og:image:height\" content=\"1080\" \/>\n\t<meta property=\"og:image:type\" content=\"image\/jpeg\" \/>\n<meta name=\"twitter:card\" content=\"summary_large_image\" \/>\n<meta name=\"twitter:label1\" content=\"Tiempo de lectura\" \/>\n\t<meta name=\"twitter:data1\" content=\"1 minuto\" \/>\n<script type=\"application\/ld+json\" class=\"yoast-schema-graph\">{\"@context\":\"https:\/\/schema.org\",\"@graph\":[{\"@type\":\"WebPage\",\"@id\":\"https:\/\/gabypaobarrera.com\/becreative\/producto\/reto-shame-free\/\",\"url\":\"https:\/\/gabypaobarrera.com\/becreative\/producto\/reto-shame-free\/\",\"name\":\"Reto Shame Free | BeCreative by GabyPao\",\"isPartOf\":{\"@id\":\"https:\/\/gabypaobarrera.com\/becreative\/#website\"},\"primaryImageOfPage\":{\"@id\":\"https:\/\/gabypaobarrera.com\/becreative\/producto\/reto-shame-free\/#primaryimage\"},\"image\":{\"@id\":\"https:\/\/gabypaobarrera.com\/becreative\/producto\/reto-shame-free\/#primaryimage\"},\"thumbnailUrl\":\"https:\/\/gabypaobarrera.com\/becreative\/wp-content\/uploads\/2021\/07\/shamefree.jpg\",\"datePublished\":\"2024-02-09T22:01:07+00:00\",\"dateModified\":\"2024-02-09T22:28:50+00:00\",\"breadcrumb\":{\"@id\":\"https:\/\/gabypaobarrera.com\/becreative\/producto\/reto-shame-free\/#breadcrumb\"},\"inLanguage\":\"es\",\"potentialAction\":[{\"@type\":\"ReadAction\",\"target\":[\"https:\/\/gabypaobarrera.com\/becreative\/producto\/reto-shame-free\/\"]}]},{\"@type\":\"ImageObject\",\"inLanguage\":\"es\",\"@id\":\"https:\/\/gabypaobarrera.com\/becreative\/producto\/reto-shame-free\/#primaryimage\",\"url\":\"https:\/\/gabypaobarrera.com\/becreative\/wp-content\/uploads\/2021\/07\/shamefree.jpg\",\"contentUrl\":\"https:\/\/gabypaobarrera.com\/becreative\/wp-content\/uploads\/2021\/07\/shamefree.jpg\",\"width\":1920,\"height\":1080},{\"@type\":\"BreadcrumbList\",\"@id\":\"https:\/\/gabypaobarrera.com\/becreative\/producto\/reto-shame-free\/#breadcrumb\",\"itemListElement\":[{\"@type\":\"ListItem\",\"position\":1,\"name\":\"Portada\",\"item\":\"https:\/\/gabypaobarrera.com\/becreative\/\"},{\"@type\":\"ListItem\",\"position\":2,\"name\":\"Tienda\",\"item\":\"https:\/\/gabypaobarrera.com\/becreative\/tienda\/\"},{\"@type\":\"ListItem\",\"position\":3,\"name\":\"Reto Shame Free\"}]},{\"@type\":\"WebSite\",\"@id\":\"https:\/\/gabypaobarrera.com\/becreative\/#website\",\"url\":\"https:\/\/gabypaobarrera.com\/becreative\/\",\"name\":\"BeCreative by GabyPao\",\"description\":\"Creativa Digital\",\"publisher\":{\"@id\":\"https:\/\/gabypaobarrera.com\/becreative\/#organization\"},\"potentialAction\":[{\"@type\":\"SearchAction\",\"target\":{\"@type\":\"EntryPoint\",\"urlTemplate\":\"https:\/\/gabypaobarrera.com\/becreative\/?s={search_term_string}\"},\"query-input\":{\"@type\":\"PropertyValueSpecification\",\"valueRequired\":true,\"valueName\":\"search_term_string\"}}],\"inLanguage\":\"es\"},{\"@type\":\"Organization\",\"@id\":\"https:\/\/gabypaobarrera.com\/becreative\/#organization\",\"name\":\"BeCreative by GabyPao\",\"url\":\"https:\/\/gabypaobarrera.com\/becreative\/\",\"logo\":{\"@type\":\"ImageObject\",\"inLanguage\":\"es\",\"@id\":\"https:\/\/gabypaobarrera.com\/becreative\/#\/schema\/logo\/image\/\",\"url\":\"https:\/\/gabypaobarrera.com\/becreative\/wp-content\/uploads\/2020\/06\/logoretina_BeCreative-GabyPao.png\",\"contentUrl\":\"https:\/\/gabypaobarrera.com\/becreative\/wp-content\/uploads\/2020\/06\/logoretina_BeCreative-GabyPao.png\",\"width\":600,\"height\":180,\"caption\":\"BeCreative by GabyPao\"},\"image\":{\"@id\":\"https:\/\/gabypaobarrera.com\/becreative\/#\/schema\/logo\/image\/\"}}]}<\/script>\n<!-- \/ Yoast SEO plugin. -->","yoast_head_json":{"title":"Reto Shame Free | BeCreative by GabyPao","robots":{"index":"index","follow":"follow","max-snippet":"max-snippet:-1","max-image-preview":"max-image-preview:large","max-video-preview":"max-video-preview:-1"},"canonical":"https:\/\/gabypaobarrera.com\/becreative\/producto\/reto-shame-free\/","og_locale":"es_ES","og_type":"article","og_title":"Reto Shame Free | BeCreative by GabyPao","og_description":"Este reto est\u00e1 compuesto por una serie de ejercicios de entrenamiento en video, feedback personalizado y una Mentor\u00eda EN VIVO para ser tu mismo al grabarte en c\u00e1mara, descubrir tu propio encanto e inspirarte para superar el miedo a decir quien eres en voz alta y especialmente, a compartirlo en en Redes Sociales.","og_url":"https:\/\/gabypaobarrera.com\/becreative\/producto\/reto-shame-free\/","og_site_name":"BeCreative by GabyPao","article_modified_time":"2024-02-09T22:28:50+00:00","og_image":[{"width":1920,"height":1080,"url":"https:\/\/gabypaobarrera.com\/becreative\/wp-content\/uploads\/2021\/07\/shamefree.jpg","type":"image\/jpeg"}],"twitter_card":"summary_large_image","twitter_misc":{"Tiempo de lectura":"1 minuto"},"schema":{"@context":"https:\/\/schema.org","@graph":[{"@type":"WebPage","@id":"https:\/\/gabypaobarrera.com\/becreative\/producto\/reto-shame-free\/","url":"https:\/\/gabypaobarrera.com\/becreative\/producto\/reto-shame-free\/","name":"Reto Shame Free | BeCreative by GabyPao","isPartOf":{"@id":"https:\/\/gabypaobarrera.com\/becreative\/#website"},"primaryImageOfPage":{"@id":"https:\/\/gabypaobarrera.com\/becreative\/producto\/reto-shame-free\/#primaryimage"},"image":{"@id":"https:\/\/gabypaobarrera.com\/becreative\/producto\/reto-shame-free\/#primaryimage"},"thumbnailUrl":"https:\/\/gabypaobarrera.com\/becreative\/wp-content\/uploads\/2021\/07\/shamefree.jpg","datePublished":"2024-02-09T22:01:07+00:00","dateModified":"2024-02-09T22:28:50+00:00","breadcrumb":{"@id":"https:\/\/gabypaobarrera.com\/becreative\/producto\/reto-shame-free\/#breadcrumb"},"inLanguage":"es","potentialAction":[{"@type":"ReadAction","target":["https:\/\/gabypaobarrera.com\/becreative\/producto\/reto-shame-free\/"]}]},{"@type":"ImageObject","inLanguage":"es","@id":"https:\/\/gabypaobarrera.com\/becreative\/producto\/reto-shame-free\/#primaryimage","url":"https:\/\/gabypaobarrera.com\/becreative\/wp-content\/uploads\/2021\/07\/shamefree.jpg","contentUrl":"https:\/\/gabypaobarrera.com\/becreative\/wp-content\/uploads\/2021\/07\/shamefree.jpg","width":1920,"height":1080},{"@type":"BreadcrumbList","@id":"https:\/\/gabypaobarrera.com\/becreative\/producto\/reto-shame-free\/#breadcrumb","itemListElement":[{"@type":"ListItem","position":1,"name":"Portada","item":"https:\/\/gabypaobarrera.com\/becreative\/"},{"@type":"ListItem","position":2,"name":"Tienda","item":"https:\/\/gabypaobarrera.com\/becreative\/tienda\/"},{"@type":"ListItem","position":3,"name":"Reto Shame Free"}]},{"@type":"WebSite","@id":"https:\/\/gabypaobarrera.com\/becreative\/#website","url":"https:\/\/gabypaobarrera.com\/becreative\/","name":"BeCreative by GabyPao","description":"Creativa Digital","publisher":{"@id":"https:\/\/gabypaobarrera.com\/becreative\/#organization"},"potentialAction":[{"@type":"SearchAction","target":{"@type":"EntryPoint","urlTemplate":"https:\/\/gabypaobarrera.com\/becreative\/?s={search_term_string}"},"query-input":{"@type":"PropertyValueSpecification","valueRequired":true,"valueName":"search_term_string"}}],"inLanguage":"es"},{"@type":"Organization","@id":"https:\/\/gabypaobarrera.com\/becreative\/#organization","name":"BeCreative by GabyPao","url":"https:\/\/gabypaobarrera.com\/becreative\/","logo":{"@type":"ImageObject","inLanguage":"es","@id":"https:\/\/gabypaobarrera.com\/becreative\/#\/schema\/logo\/image\/","url":"https:\/\/gabypaobarrera.com\/becreative\/wp-content\/uploads\/2020\/06\/logoretina_BeCreative-GabyPao.png","contentUrl":"https:\/\/gabypaobarrera.com\/becreative\/wp-content\/uploads\/2020\/06\/logoretina_BeCreative-GabyPao.png","width":600,"height":180,"caption":"BeCreative by GabyPao"},"image":{"@id":"https:\/\/gabypaobarrera.com\/becreative\/#\/schema\/logo\/image\/"}}]}},"_links":{"self":[{"href":"https:\/\/gabypaobarrera.com\/becreative\/wp-json\/wp\/v2\/product\/6408","targetHints":{"allow":["GET"]}}],"collection":[{"href":"https:\/\/gabypaobarrera.com\/becreative\/wp-json\/wp\/v2\/product"}],"about":[{"href":"https:\/\/gabypaobarrera.com\/becreative\/wp-json\/wp\/v2\/types\/product"}],"replies":[{"embeddable":true,"href":"https:\/\/gabypaobarrera.com\/becreative\/wp-json\/wp\/v2\/comments?post=6408"}],"wp:featuredmedia":[{"embeddable":true,"href":"https:\/\/gabypaobarrera.com\/becreative\/wp-json\/wp\/v2\/media\/2995"}],"wp:attachment":[{"href":"https:\/\/gabypaobarrera.com\/becreative\/wp-json\/wp\/v2\/media?parent=6408"}],"wp:term":[{"taxonomy":"product_brand","embeddable":true,"href":"https:\/\/gabypaobarrera.com\/becreative\/wp-json\/wp\/v2\/product_brand?post=6408"},{"taxonomy":"product_cat","embeddable":true,"href":"https:\/\/gabypaobarrera.com\/becreative\/wp-json\/wp\/v2\/product_cat?post=6408"},{"taxonomy":"product_tag","embeddable":true,"href":"https:\/\/gabypaobarrera.com\/becreative\/wp-json\/wp\/v2\/product_tag?post=6408"}],"curies":[{"name":"wp","href":"https:\/\/api.w.org\/{rel}","templated":true}]}}