{"id":397,"date":"2020-06-30T10:14:23","date_gmt":"2020-06-30T15:14:23","guid":{"rendered":"https:\/\/gabypaobarrera.com\/becreative\/?page_id=397"},"modified":"2024-03-16T16:54:51","modified_gmt":"2024-03-16T21:54:51","slug":"cursos","status":"publish","type":"page","link":"https:\/\/gabypaobarrera.com\/becreative\/cursos\/","title":{"rendered":"Cursos"},"content":{"rendered":"\t\t<div data-elementor-type=\"wp-page\" data-elementor-id=\"397\" class=\"elementor elementor-397\" data-elementor-post-type=\"page\">\n\t\t\t\t\t\t<section class=\"elementor-section elementor-top-section elementor-element elementor-element-0881aa1 elementor-section-boxed elementor-section-height-default elementor-section-height-default\" data-id=\"0881aa1\" data-element_type=\"section\" data-settings=\"{&quot;background_background&quot;:&quot;classic&quot;}\">\n\t\t\t\t\t\t<div class=\"elementor-container elementor-column-gap-wide\">\n\t\t\t\t\t<div class=\"elementor-column elementor-col-33 elementor-top-column elementor-element elementor-element-f1459e5\" data-id=\"f1459e5\" data-element_type=\"column\" data-settings=\"{&quot;background_background&quot;:&quot;classic&quot;}\">\n\t\t\t<div class=\"elementor-widget-wrap elementor-element-populated\">\n\t\t\t\t\t\t<div class=\"elementor-element elementor-element-fdd61ab elementor-widget elementor-widget-image\" data-id=\"fdd61ab\" data-element_type=\"widget\" data-widget_type=\"image.default\">\n\t\t\t\t<div class=\"elementor-widget-container\">\n\t\t\t\t\t\t\t\t\t\t\t\t\t\t\t<img fetchpriority=\"high\" decoding=\"async\" width=\"600\" height=\"450\" src=\"https:\/\/gabypaobarrera.com\/becreative\/wp-content\/uploads\/2020\/06\/foto-portada_BeCreative-GabyPao.jpg\" class=\"attachment-large size-large wp-image-170\" alt=\"\" srcset=\"https:\/\/gabypaobarrera.com\/becreative\/wp-content\/uploads\/2020\/06\/foto-portada_BeCreative-GabyPao.jpg 600w, https:\/\/gabypaobarrera.com\/becreative\/wp-content\/uploads\/2020\/06\/foto-portada_BeCreative-GabyPao-300x225.jpg 300w\" sizes=\"(max-width: 600px) 100vw, 600px\" \/>\t\t\t\t\t\t\t\t\t\t\t\t\t\t\t<\/div>\n\t\t\t\t<\/div>\n\t\t\t\t<div class=\"elementor-element elementor-element-f5bb602 elementor-widget elementor-widget-heading\" data-id=\"f5bb602\" data-element_type=\"widget\" data-widget_type=\"heading.default\">\n\t\t\t\t<div class=\"elementor-widget-container\">\n\t\t\t\t\t<h4 class=\"elementor-heading-title elementor-size-default\">Masterclass \"Conecta con tu Creatividad y encuentra tu Estilo para Redes Sociales\"<\/h4>\t\t\t\t<\/div>\n\t\t\t\t<\/div>\n\t\t\t\t<div class=\"elementor-element elementor-element-c990244 elementor-widget elementor-widget-text-editor\" data-id=\"c990244\" data-element_type=\"widget\" data-widget_type=\"text-editor.default\">\n\t\t\t\t<div class=\"elementor-widget-container\">\n\t\t\t\t\t\t\t\t\t<p>Mi misi\u00f3n con esta clase es ponerte de frente con tu creatividad, acabar con los mitos de tu ser creativo y guiarte a encontrar tu PROPIO ESTILO para resaltar con \u00e9xito en Redes Sociales.<\/p>\t\t\t\t\t\t\t\t<\/div>\n\t\t\t\t<\/div>\n\t\t\t\t<div class=\"elementor-element elementor-element-128f53b elementor-align-center elementor-widget elementor-widget-button\" data-id=\"128f53b\" data-element_type=\"widget\" data-widget_type=\"button.default\">\n\t\t\t\t<div class=\"elementor-widget-container\">\n\t\t\t\t\t\t\t\t\t<div class=\"elementor-button-wrapper\">\n\t\t\t\t\t<a class=\"elementor-button elementor-button-link elementor-size-md\" href=\"https:\/\/gabypaobarrera.com\/becreative\/masterclass\/\">\n\t\t\t\t\t\t<span class=\"elementor-button-content-wrapper\">\n\t\t\t\t\t\t<span class=\"elementor-button-icon\">\n\t\t\t\t<i aria-hidden=\"true\" class=\"fas fa-plus\"><\/i>\t\t\t<\/span>\n\t\t\t\t\t\t\t\t\t<span class=\"elementor-button-text\">M\u00c1S INFORMACI\u00d3N<\/span>\n\t\t\t\t\t<\/span>\n\t\t\t\t\t<\/a>\n\t\t\t\t<\/div>\n\t\t\t\t\t\t\t\t<\/div>\n\t\t\t\t<\/div>\n\t\t\t\t\t<\/div>\n\t\t<\/div>\n\t\t\t\t<div class=\"elementor-column elementor-col-33 elementor-top-column elementor-element elementor-element-03d50a1\" data-id=\"03d50a1\" data-element_type=\"column\" data-settings=\"{&quot;background_background&quot;:&quot;classic&quot;}\">\n\t\t\t<div class=\"elementor-widget-wrap elementor-element-populated\">\n\t\t\t\t\t\t<div class=\"elementor-element elementor-element-40d2591 elementor-widget elementor-widget-image\" data-id=\"40d2591\" data-element_type=\"widget\" data-widget_type=\"image.default\">\n\t\t\t\t<div class=\"elementor-widget-container\">\n\t\t\t\t\t\t\t\t\t\t\t\t\t\t\t<img decoding=\"async\" width=\"800\" height=\"412\" src=\"https:\/\/gabypaobarrera.com\/becreative\/wp-content\/uploads\/2020\/06\/FindYourSelf-photo-cabecera.jpg\" class=\"attachment-large size-large wp-image-431\" alt=\"\" srcset=\"https:\/\/gabypaobarrera.com\/becreative\/wp-content\/uploads\/2020\/06\/FindYourSelf-photo-cabecera.jpg 960w, https:\/\/gabypaobarrera.com\/becreative\/wp-content\/uploads\/2020\/06\/FindYourSelf-photo-cabecera-300x154.jpg 300w, https:\/\/gabypaobarrera.com\/becreative\/wp-content\/uploads\/2020\/06\/FindYourSelf-photo-cabecera-768x395.jpg 768w\" sizes=\"(max-width: 800px) 100vw, 800px\" \/>\t\t\t\t\t\t\t\t\t\t\t\t\t\t\t<\/div>\n\t\t\t\t<\/div>\n\t\t\t\t<div class=\"elementor-element elementor-element-4c80b47 elementor-widget elementor-widget-heading\" data-id=\"4c80b47\" data-element_type=\"widget\" data-widget_type=\"heading.default\">\n\t\t\t\t<div class=\"elementor-widget-container\">\n\t\t\t\t\t<h4 class=\"elementor-heading-title elementor-size-default\">Masterclass Creatividad + 1 CONSULTOR\u00cdA<\/h4>\t\t\t\t<\/div>\n\t\t\t\t<\/div>\n\t\t\t\t<div class=\"elementor-element elementor-element-7e6d148 elementor-widget elementor-widget-text-editor\" data-id=\"7e6d148\" data-element_type=\"widget\" data-widget_type=\"text-editor.default\">\n\t\t\t\t<div class=\"elementor-widget-container\">\n\t\t\t\t\t\t\t\t\t<p>Mi misi\u00f3n con esta clase es ponerte de frente con tu creatividad, acabar con los mitos de tu ser creativo y guiarte a encontrar tu PROPIO ESTILO para resaltar con \u00e9xito en Redes Sociales.<\/p>\t\t\t\t\t\t\t\t<\/div>\n\t\t\t\t<\/div>\n\t\t\t\t<div class=\"elementor-element elementor-element-67d1bd0 elementor-align-center elementor-widget elementor-widget-button\" data-id=\"67d1bd0\" data-element_type=\"widget\" data-widget_type=\"button.default\">\n\t\t\t\t<div class=\"elementor-widget-container\">\n\t\t\t\t\t\t\t\t\t<div class=\"elementor-button-wrapper\">\n\t\t\t\t\t<a class=\"elementor-button elementor-button-link elementor-size-md\" href=\"https:\/\/gabypaobarrera.com\/becreative\/masterclass-consultoria\/\">\n\t\t\t\t\t\t<span class=\"elementor-button-content-wrapper\">\n\t\t\t\t\t\t<span class=\"elementor-button-icon\">\n\t\t\t\t<i aria-hidden=\"true\" class=\"fas fa-plus\"><\/i>\t\t\t<\/span>\n\t\t\t\t\t\t\t\t\t<span class=\"elementor-button-text\">M\u00c1S INFORMACI\u00d3N<\/span>\n\t\t\t\t\t<\/span>\n\t\t\t\t\t<\/a>\n\t\t\t\t<\/div>\n\t\t\t\t\t\t\t\t<\/div>\n\t\t\t\t<\/div>\n\t\t\t\t\t<\/div>\n\t\t<\/div>\n\t\t\t\t<div class=\"elementor-column elementor-col-33 elementor-top-column elementor-element elementor-element-eef3a9c\" data-id=\"eef3a9c\" data-element_type=\"column\" data-settings=\"{&quot;background_background&quot;:&quot;classic&quot;}\">\n\t\t\t<div class=\"elementor-widget-wrap elementor-element-populated\">\n\t\t\t\t\t\t<div class=\"elementor-element elementor-element-63fc734 elementor-widget elementor-widget-image\" data-id=\"63fc734\" data-element_type=\"widget\" data-widget_type=\"image.default\">\n\t\t\t\t<div class=\"elementor-widget-container\">\n\t\t\t\t\t\t\t\t\t\t\t\t\t\t\t<img decoding=\"async\" width=\"800\" height=\"450\" src=\"https:\/\/gabypaobarrera.com\/becreative\/wp-content\/uploads\/2021\/07\/shamefree-1024x576.jpg\" class=\"attachment-large size-large wp-image-2995\" alt=\"\" srcset=\"https:\/\/gabypaobarrera.com\/becreative\/wp-content\/uploads\/2021\/07\/shamefree-1024x576.jpg 1024w, https:\/\/gabypaobarrera.com\/becreative\/wp-content\/uploads\/2021\/07\/shamefree-600x338.jpg 600w, https:\/\/gabypaobarrera.com\/becreative\/wp-content\/uploads\/2021\/07\/shamefree-300x169.jpg 300w, https:\/\/gabypaobarrera.com\/becreative\/wp-content\/uploads\/2021\/07\/shamefree-768x432.jpg 768w, https:\/\/gabypaobarrera.com\/becreative\/wp-content\/uploads\/2021\/07\/shamefree-1536x864.jpg 1536w, https:\/\/gabypaobarrera.com\/becreative\/wp-content\/uploads\/2021\/07\/shamefree.jpg 1920w\" sizes=\"(max-width: 800px) 100vw, 800px\" \/>\t\t\t\t\t\t\t\t\t\t\t\t\t\t\t<\/div>\n\t\t\t\t<\/div>\n\t\t\t\t<div class=\"elementor-element elementor-element-582b3eb elementor-widget elementor-widget-heading\" data-id=\"582b3eb\" data-element_type=\"widget\" data-widget_type=\"heading.default\">\n\t\t\t\t<div class=\"elementor-widget-container\">\n\t\t\t\t\t<h4 class=\"elementor-heading-title elementor-size-default\">Reto Shame Free<\/h4>\t\t\t\t<\/div>\n\t\t\t\t<\/div>\n\t\t\t\t<div class=\"elementor-element elementor-element-cffebcb elementor-widget elementor-widget-text-editor\" data-id=\"cffebcb\" data-element_type=\"widget\" data-widget_type=\"text-editor.default\">\n\t\t\t\t<div class=\"elementor-widget-container\">\n\t\t\t\t\t\t\t\t\t<p>Este reto est\u00e1 compuesto por una serie de ejercicios de entrenamiento en video, feedback personalizado y una mentor\u00eda&nbsp;<strong>EN VIVO<\/strong>&nbsp;para ser tu mismo al grabarte en c\u00e1mara, descubrir tu propio encanto e inspirarte para superar el miedo a decir quien eres en voz alta y especialmente, a compartirlo en en Redes Sociales.&nbsp;<\/p>\t\t\t\t\t\t\t\t<\/div>\n\t\t\t\t<\/div>\n\t\t\t\t<div class=\"elementor-element elementor-element-95f7737 elementor-align-center elementor-widget elementor-widget-button\" data-id=\"95f7737\" data-element_type=\"widget\" data-widget_type=\"button.default\">\n\t\t\t\t<div class=\"elementor-widget-container\">\n\t\t\t\t\t\t\t\t\t<div class=\"elementor-button-wrapper\">\n\t\t\t\t\t<a class=\"elementor-button elementor-button-link elementor-size-md\" href=\"https:\/\/gabypaobarrera.com\/becreative\/reto-shame-free\/\">\n\t\t\t\t\t\t<span class=\"elementor-button-content-wrapper\">\n\t\t\t\t\t\t<span class=\"elementor-button-icon\">\n\t\t\t\t<i aria-hidden=\"true\" class=\"fas fa-plus\"><\/i>\t\t\t<\/span>\n\t\t\t\t\t\t\t\t\t<span class=\"elementor-button-text\">M\u00c1S INFORMACI\u00d3N<\/span>\n\t\t\t\t\t<\/span>\n\t\t\t\t\t<\/a>\n\t\t\t\t<\/div>\n\t\t\t\t\t\t\t\t<\/div>\n\t\t\t\t<\/div>\n\t\t\t\t\t<\/div>\n\t\t<\/div>\n\t\t\t\t\t<\/div>\n\t\t<\/section>\n\t\t\t\t<\/div>\n\t\t","protected":false},"excerpt":{"rendered":"<p>Masterclass &#8220;Conecta con tu Creatividad y encuentra tu Estilo para Redes Sociales&#8221; Mi misi\u00f3n con esta clase es ponerte de frente con tu creatividad, acabar con los mitos de tu ser creativo y guiarte a encontrar tu PROPIO ESTILO para resaltar con \u00e9xito en Redes Sociales. M\u00c1S INFORMACI\u00d3N Masterclass Creatividad + 1 CONSULTOR\u00cdA Mi misi\u00f3n [&hellip;]<\/p>\n","protected":false},"author":1,"featured_media":0,"parent":0,"menu_order":0,"comment_status":"closed","ping_status":"closed","template":"","meta":{"_mo_disable_npp":"","footnotes":""},"class_list":["post-397","page","type-page","status-publish","hentry"],"yoast_head":"<!-- This site is optimized with the Yoast SEO plugin v26.9 - https:\/\/yoast.com\/product\/yoast-seo-wordpress\/ -->\n<title>Cursos | BeCreative by GabyPao<\/title>\n<meta name=\"robots\" content=\"index, follow, max-snippet:-1, max-image-preview:large, max-video-preview:-1\" \/>\n<link rel=\"canonical\" href=\"https:\/\/gabypaobarrera.com\/becreative\/cursos\/\" \/>\n<meta property=\"og:locale\" content=\"es_ES\" \/>\n<meta property=\"og:type\" content=\"article\" \/>\n<meta property=\"og:title\" content=\"Cursos | BeCreative by GabyPao\" \/>\n<meta property=\"og:description\" content=\"Masterclass &#8220;Conecta con tu Creatividad y encuentra tu Estilo para Redes Sociales&#8221; Mi misi\u00f3n con esta clase es ponerte de frente con tu creatividad, acabar con los mitos de tu ser creativo y guiarte a encontrar tu PROPIO ESTILO para resaltar con \u00e9xito en Redes Sociales. M\u00c1S INFORMACI\u00d3N Masterclass Creatividad + 1 CONSULTOR\u00cdA Mi misi\u00f3n [&hellip;]\" \/>\n<meta property=\"og:url\" content=\"https:\/\/gabypaobarrera.com\/becreative\/cursos\/\" \/>\n<meta property=\"og:site_name\" content=\"BeCreative by GabyPao\" \/>\n<meta property=\"article:modified_time\" content=\"2024-03-16T21:54:51+00:00\" \/>\n<meta property=\"og:image\" content=\"https:\/\/gabypaobarrera.com\/becreative\/wp-content\/uploads\/2020\/06\/foto-portada_BeCreative-GabyPao.jpg\" \/>\n<meta name=\"twitter:card\" content=\"summary_large_image\" \/>\n<meta name=\"twitter:label1\" content=\"Tiempo de lectura\" \/>\n\t<meta name=\"twitter:data1\" content=\"2 minutos\" \/>\n<script type=\"application\/ld+json\" class=\"yoast-schema-graph\">{\"@context\":\"https:\/\/schema.org\",\"@graph\":[{\"@type\":\"WebPage\",\"@id\":\"https:\/\/gabypaobarrera.com\/becreative\/cursos\/\",\"url\":\"https:\/\/gabypaobarrera.com\/becreative\/cursos\/\",\"name\":\"Cursos | BeCreative by GabyPao\",\"isPartOf\":{\"@id\":\"https:\/\/gabypaobarrera.com\/becreative\/#website\"},\"primaryImageOfPage\":{\"@id\":\"https:\/\/gabypaobarrera.com\/becreative\/cursos\/#primaryimage\"},\"image\":{\"@id\":\"https:\/\/gabypaobarrera.com\/becreative\/cursos\/#primaryimage\"},\"thumbnailUrl\":\"https:\/\/gabypaobarrera.com\/becreative\/wp-content\/uploads\/2020\/06\/foto-portada_BeCreative-GabyPao.jpg\",\"datePublished\":\"2020-06-30T15:14:23+00:00\",\"dateModified\":\"2024-03-16T21:54:51+00:00\",\"breadcrumb\":{\"@id\":\"https:\/\/gabypaobarrera.com\/becreative\/cursos\/#breadcrumb\"},\"inLanguage\":\"es\",\"potentialAction\":[{\"@type\":\"ReadAction\",\"target\":[\"https:\/\/gabypaobarrera.com\/becreative\/cursos\/\"]}]},{\"@type\":\"ImageObject\",\"inLanguage\":\"es\",\"@id\":\"https:\/\/gabypaobarrera.com\/becreative\/cursos\/#primaryimage\",\"url\":\"https:\/\/gabypaobarrera.com\/becreative\/wp-content\/uploads\/2020\/06\/foto-portada_BeCreative-GabyPao.jpg\",\"contentUrl\":\"https:\/\/gabypaobarrera.com\/becreative\/wp-content\/uploads\/2020\/06\/foto-portada_BeCreative-GabyPao.jpg\",\"width\":600,\"height\":450},{\"@type\":\"BreadcrumbList\",\"@id\":\"https:\/\/gabypaobarrera.com\/becreative\/cursos\/#breadcrumb\",\"itemListElement\":[{\"@type\":\"ListItem\",\"position\":1,\"name\":\"Portada\",\"item\":\"https:\/\/gabypaobarrera.com\/becreative\/\"},{\"@type\":\"ListItem\",\"position\":2,\"name\":\"Cursos\"}]},{\"@type\":\"WebSite\",\"@id\":\"https:\/\/gabypaobarrera.com\/becreative\/#website\",\"url\":\"https:\/\/gabypaobarrera.com\/becreative\/\",\"name\":\"BeCreative by GabyPao\",\"description\":\"Creativa Digital\",\"publisher\":{\"@id\":\"https:\/\/gabypaobarrera.com\/becreative\/#organization\"},\"potentialAction\":[{\"@type\":\"SearchAction\",\"target\":{\"@type\":\"EntryPoint\",\"urlTemplate\":\"https:\/\/gabypaobarrera.com\/becreative\/?s={search_term_string}\"},\"query-input\":{\"@type\":\"PropertyValueSpecification\",\"valueRequired\":true,\"valueName\":\"search_term_string\"}}],\"inLanguage\":\"es\"},{\"@type\":\"Organization\",\"@id\":\"https:\/\/gabypaobarrera.com\/becreative\/#organization\",\"name\":\"BeCreative by GabyPao\",\"url\":\"https:\/\/gabypaobarrera.com\/becreative\/\",\"logo\":{\"@type\":\"ImageObject\",\"inLanguage\":\"es\",\"@id\":\"https:\/\/gabypaobarrera.com\/becreative\/#\/schema\/logo\/image\/\",\"url\":\"https:\/\/gabypaobarrera.com\/becreative\/wp-content\/uploads\/2020\/06\/logoretina_BeCreative-GabyPao.png\",\"contentUrl\":\"https:\/\/gabypaobarrera.com\/becreative\/wp-content\/uploads\/2020\/06\/logoretina_BeCreative-GabyPao.png\",\"width\":600,\"height\":180,\"caption\":\"BeCreative by GabyPao\"},\"image\":{\"@id\":\"https:\/\/gabypaobarrera.com\/becreative\/#\/schema\/logo\/image\/\"}}]}<\/script>\n<!-- \/ Yoast SEO plugin. -->","yoast_head_json":{"title":"Cursos | BeCreative by GabyPao","robots":{"index":"index","follow":"follow","max-snippet":"max-snippet:-1","max-image-preview":"max-image-preview:large","max-video-preview":"max-video-preview:-1"},"canonical":"https:\/\/gabypaobarrera.com\/becreative\/cursos\/","og_locale":"es_ES","og_type":"article","og_title":"Cursos | BeCreative by GabyPao","og_description":"Masterclass &#8220;Conecta con tu Creatividad y encuentra tu Estilo para Redes Sociales&#8221; Mi misi\u00f3n con esta clase es ponerte de frente con tu creatividad, acabar con los mitos de tu ser creativo y guiarte a encontrar tu PROPIO ESTILO para resaltar con \u00e9xito en Redes Sociales. M\u00c1S INFORMACI\u00d3N Masterclass Creatividad + 1 CONSULTOR\u00cdA Mi misi\u00f3n [&hellip;]","og_url":"https:\/\/gabypaobarrera.com\/becreative\/cursos\/","og_site_name":"BeCreative by GabyPao","article_modified_time":"2024-03-16T21:54:51+00:00","og_image":[{"url":"https:\/\/gabypaobarrera.com\/becreative\/wp-content\/uploads\/2020\/06\/foto-portada_BeCreative-GabyPao.jpg","type":"","width":"","height":""}],"twitter_card":"summary_large_image","twitter_misc":{"Tiempo de lectura":"2 minutos"},"schema":{"@context":"https:\/\/schema.org","@graph":[{"@type":"WebPage","@id":"https:\/\/gabypaobarrera.com\/becreative\/cursos\/","url":"https:\/\/gabypaobarrera.com\/becreative\/cursos\/","name":"Cursos | BeCreative by GabyPao","isPartOf":{"@id":"https:\/\/gabypaobarrera.com\/becreative\/#website"},"primaryImageOfPage":{"@id":"https:\/\/gabypaobarrera.com\/becreative\/cursos\/#primaryimage"},"image":{"@id":"https:\/\/gabypaobarrera.com\/becreative\/cursos\/#primaryimage"},"thumbnailUrl":"https:\/\/gabypaobarrera.com\/becreative\/wp-content\/uploads\/2020\/06\/foto-portada_BeCreative-GabyPao.jpg","datePublished":"2020-06-30T15:14:23+00:00","dateModified":"2024-03-16T21:54:51+00:00","breadcrumb":{"@id":"https:\/\/gabypaobarrera.com\/becreative\/cursos\/#breadcrumb"},"inLanguage":"es","potentialAction":[{"@type":"ReadAction","target":["https:\/\/gabypaobarrera.com\/becreative\/cursos\/"]}]},{"@type":"ImageObject","inLanguage":"es","@id":"https:\/\/gabypaobarrera.com\/becreative\/cursos\/#primaryimage","url":"https:\/\/gabypaobarrera.com\/becreative\/wp-content\/uploads\/2020\/06\/foto-portada_BeCreative-GabyPao.jpg","contentUrl":"https:\/\/gabypaobarrera.com\/becreative\/wp-content\/uploads\/2020\/06\/foto-portada_BeCreative-GabyPao.jpg","width":600,"height":450},{"@type":"BreadcrumbList","@id":"https:\/\/gabypaobarrera.com\/becreative\/cursos\/#breadcrumb","itemListElement":[{"@type":"ListItem","position":1,"name":"Portada","item":"https:\/\/gabypaobarrera.com\/becreative\/"},{"@type":"ListItem","position":2,"name":"Cursos"}]},{"@type":"WebSite","@id":"https:\/\/gabypaobarrera.com\/becreative\/#website","url":"https:\/\/gabypaobarrera.com\/becreative\/","name":"BeCreative by GabyPao","description":"Creativa Digital","publisher":{"@id":"https:\/\/gabypaobarrera.com\/becreative\/#organization"},"potentialAction":[{"@type":"SearchAction","target":{"@type":"EntryPoint","urlTemplate":"https:\/\/gabypaobarrera.com\/becreative\/?s={search_term_string}"},"query-input":{"@type":"PropertyValueSpecification","valueRequired":true,"valueName":"search_term_string"}}],"inLanguage":"es"},{"@type":"Organization","@id":"https:\/\/gabypaobarrera.com\/becreative\/#organization","name":"BeCreative by GabyPao","url":"https:\/\/gabypaobarrera.com\/becreative\/","logo":{"@type":"ImageObject","inLanguage":"es","@id":"https:\/\/gabypaobarrera.com\/becreative\/#\/schema\/logo\/image\/","url":"https:\/\/gabypaobarrera.com\/becreative\/wp-content\/uploads\/2020\/06\/logoretina_BeCreative-GabyPao.png","contentUrl":"https:\/\/gabypaobarrera.com\/becreative\/wp-content\/uploads\/2020\/06\/logoretina_BeCreative-GabyPao.png","width":600,"height":180,"caption":"BeCreative by GabyPao"},"image":{"@id":"https:\/\/gabypaobarrera.com\/becreative\/#\/schema\/logo\/image\/"}}]}},"_links":{"self":[{"href":"https:\/\/gabypaobarrera.com\/becreative\/wp-json\/wp\/v2\/pages\/397","targetHints":{"allow":["GET"]}}],"collection":[{"href":"https:\/\/gabypaobarrera.com\/becreative\/wp-json\/wp\/v2\/pages"}],"about":[{"href":"https:\/\/gabypaobarrera.com\/becreative\/wp-json\/wp\/v2\/types\/page"}],"author":[{"embeddable":true,"href":"https:\/\/gabypaobarrera.com\/becreative\/wp-json\/wp\/v2\/users\/1"}],"replies":[{"embeddable":true,"href":"https:\/\/gabypaobarrera.com\/becreative\/wp-json\/wp\/v2\/comments?post=397"}],"version-history":[{"count":70,"href":"https:\/\/gabypaobarrera.com\/becreative\/wp-json\/wp\/v2\/pages\/397\/revisions"}],"predecessor-version":[{"id":6557,"href":"https:\/\/gabypaobarrera.com\/becreative\/wp-json\/wp\/v2\/pages\/397\/revisions\/6557"}],"wp:attachment":[{"href":"https:\/\/gabypaobarrera.com\/becreative\/wp-json\/wp\/v2\/media?parent=397"}],"curies":[{"name":"wp","href":"https:\/\/api.w.org\/{rel}","templated":true}]}}